{"id":1520,"date":"2021-10-06T12:43:10","date_gmt":"2021-10-06T10:43:10","guid":{"rendered":"https:\/\/www.papayacup.com\/copo-menstrual-anatomico-flexivel-e-confortavel-com-esterilizador\/"},"modified":"2026-02-02T10:36:44","modified_gmt":"2026-02-02T09:36:44","slug":"copo-menstrual-anatomico-flexivel-e-confortavel-com-esterilizador","status":"publish","type":"product","link":"https:\/\/www.papayacup.com\/pt-pt\/copo-menstrual-anatomico-flexivel-e-confortavel-com-esterilizador\/","title":{"rendered":"Copo menstrual anat\u00f3mico, flex\u00edvel e confort\u00e1vel com esterilizador"},"content":{"rendered":"","protected":false},"excerpt":{"rendered":"<p>Copo menstrual macio e flex\u00edvel<\/p>\n<div class=\"product__block product__icon__row\" style=\"--block-padding-bottom: 0px;\">\n<div class=\"product__icon__container product__icon__container--full\" style=\"--text: #9d42ec\">\n<div class=\"product__icon\" data-aos=\"img-in\" style=\"--icon-size: 20px; --text: #9d42ec;\"><!-- \/snippets\/animated-icon.liquid --><\/p>\n<p><svg aria-hidden=\"true\" focusable=\"false\" role=\"presentation\" class=\"icon icon-leaf\" viewbox=\"0 0 24 24\"><path d=\"M7 21s.5-4.5 4-8.5m8.13-8.258.594 6.175c.374 3.886-2.54 7.346-6.425 7.72-3.813.367-7.267-2.42-7.634-6.233a6.936 6.936 0 0 1 6.239-7.569l6.571-.632a.6.6 0 0 1 .655.54z\" stroke=\"#000\" stroke-linecap=\"round\" stroke-linejoin=\"round\"><\/path><\/svg><\/div>\n<div class=\"product__icon__text\" data-aos=\"fade\" data-aos-duration=\"500\">\n<p>Podes us\u00e1-lo at\u00e9 12 horas<\/p>\n<\/p><\/div>\n<\/div>\n<div class=\"product__icon__container product__icon__container--full\" style=\"--text: #9d42ec\">\n<div class=\"product__icon\" data-aos=\"img-in\" style=\"--icon-size: 20px; --text: #9d42ec;\"><!-- \/snippets\/animated-icon.liquid --><\/p>\n<p><svg aria-hidden=\"true\" focusable=\"false\" role=\"presentation\" class=\"icon icon-recycle\" viewbox=\"0 0 24 24\"><path d=\"M21.168 8A10.003 10.003 0 0 0 12 2c-5.185 0-9.45 3.947-9.95 9\" stroke=\"#000\" stroke-linecap=\"round\" stroke-linejoin=\"round\"><\/path><path d=\"M17 8h4.4a.6.6 0 0 0 .6-.6V3M2.881 16c1.544 3.532 5.068 6 9.168 6 5.186 0 9.45-3.947 9.951-9\" stroke=\"#000\" stroke-linecap=\"round\" stroke-linejoin=\"round\"><\/path><path d=\"M7.05 16h-4.4a.6.6 0 0 0-.6.6V21\" stroke=\"#000\" stroke-linecap=\"round\" stroke-linejoin=\"round\"><\/path><\/svg><\/div>\n<div class=\"product__icon__text\" data-aos=\"fade\" data-aos-duration=\"500\">\n<p>Reutiliz\u00e1vel at\u00e9 10 anos<\/p>\n<\/p><\/div>\n<\/div>\n<div class=\"product__icon__container product__icon__container--full\" style=\"--text: #9d42ec\">\n<div class=\"product__icon\" data-aos=\"img-in\" style=\"--icon-size: 20px; --text: #9d42ec;\"><!-- \/snippets\/animated-icon.liquid --><\/p>\n<p><svg aria-hidden=\"true\" focusable=\"false\" role=\"presentation\" class=\"icon icon-ruler\" viewbox=\"0 0 24 24\"><path d=\"M16 7V2.6a.6.6 0 0 0-.6-.6H8.6a.6.6 0 0 0-.6.6v18.8a.6.6 0 0 0 .6.6h6.8a.6.6 0 0 0 .6-.6V17m0-10h-3m3 0v5m0 0h-3m3 0v5m0 0h-3\" stroke=\"#000\" stroke-linecap=\"round\" stroke-linejoin=\"round\"><\/path><\/svg><\/div>\n<div class=\"product__icon__text\" data-aos=\"fade\" data-aos-duration=\"500\">\n<p>Garantia de tamanho correto<\/p>\n<\/p><\/div>\n<\/div>\n<div class=\"product__icon__container product__icon__container--full\" style=\"--text: #9d42ec\">\n<div class=\"product__icon\" data-aos=\"img-in\" style=\"--icon-size: 20px; --text: #9d42ec;\"><!-- \/snippets\/animated-icon.liquid --><\/p>\n<p><svg aria-hidden=\"true\" focusable=\"false\" role=\"presentation\" class=\"icon icon-box\" viewbox=\"0 0 22 22\"><g stroke=\"currentColor\" stroke-linecap=\"round\" stroke-linejoin=\"round\"><path d=\"M2 16.11V5.89a.6.6 0 0 1 .356-.548l8.4-3.734a.6.6 0 0 1 .488 0l8.4 3.734A.6.6 0 0 1 20 5.89v10.22a.6.6 0 0 1-.356.548l-8.4 3.734a.6.6 0 0 1-.488 0l-8.4-3.734A.6.6 0 0 1 2 16.11Z\"><\/path><path d=\"M2.405 5.658C8.031 8.193 10.896 9.438 11 9.392 5.126 6.838 2.26 5.594 2.405 5.658ZM11 20.444c.104-7.321.104-11.005 0-11.05.144 7.302.144 10.986 0 11.05ZM19.848 5.658C14.053 8.194 11.104 9.439 11 9.393c6.043-2.554 8.992-3.8 8.848-3.735Z\"><\/path><path d=\"m6.5 3.5 8.644 3.842a.6.6 0 0 1 .356.548v3.61\"><\/path><\/g><\/svg><\/div>\n<div class=\"product__icon__text\" data-aos=\"fade\" data-aos-duration=\"500\">\n<p>Embalagem super fixe<\/p>\n<\/p><\/div>\n<\/div>\n<div class=\"product__icon__container product__icon__container--full\" style=\"--text: #9d42ec\">\n<div class=\"product__icon\" data-aos=\"img-in\" style=\"--icon-size: 20px; --text: #9d42ec;\"><!-- \/snippets\/animated-icon.liquid --><\/p>\n<p><svg aria-hidden=\"true\" focusable=\"false\" role=\"presentation\" class=\"icon icon-fast-shipment\" viewbox=\"0 0 24 24\"><path d=\"M8 19a2 2 0 1 0 0-4 2 2 0 0 0 0 4zm10 0a2 2 0 1 0 0-4 2 2 0 0 0 0 4z\" stroke=\"#000\" stroke-miterlimit=\"1.5\" stroke-linecap=\"round\" stroke-linejoin=\"round\"><\/path><path d=\"M10.05 17H15V6.6a.6.6 0 0 0-.6-.6H1m4.65 11H3.6a.6.6 0 0 1-.6-.6v-4.9\" stroke=\"#000\" stroke-linecap=\"round\"><\/path><path d=\"M2 9h4\" stroke=\"#000\" stroke-linecap=\"round\" stroke-linejoin=\"round\"><\/path><path d=\"M15 9h5.61a.6.6 0 0 1 .548.356l1.79 4.028a.6.6 0 0 1 .052.243V16.4a.6.6 0 0 1-.6.6h-1.9M15 17h1\" stroke=\"#000\" stroke-linecap=\"round\"><\/path><\/svg><\/div>\n<div class=\"product__icon__text\" data-aos=\"fade\" data-aos-duration=\"500\">\n<p>Envio 48\/72 horas<\/p>\n<\/p><\/div>\n<\/div>\n<\/div>\n","protected":false},"featured_media":909,"comment_status":"open","ping_status":"closed","template":"","meta":[],"product_brand":[],"product_cat":[94],"product_tag":[],"class_list":{"0":"post-1520","1":"product","2":"type-product","3":"status-publish","4":"has-post-thumbnail","6":"product_cat-copo-menstrual","8":"first","9":"instock","10":"taxable","11":"shipping-taxable","12":"purchasable","13":"product-type-variable"},"_links":{"self":[{"href":"https:\/\/www.papayacup.com\/pt-pt\/wp-json\/wp\/v2\/product\/1520","targetHints":{"allow":["GET"]}}],"collection":[{"href":"https:\/\/www.papayacup.com\/pt-pt\/wp-json\/wp\/v2\/product"}],"about":[{"href":"https:\/\/www.papayacup.com\/pt-pt\/wp-json\/wp\/v2\/types\/product"}],"replies":[{"embeddable":true,"href":"https:\/\/www.papayacup.com\/pt-pt\/wp-json\/wp\/v2\/comments?post=1520"}],"wp:featuredmedia":[{"embeddable":true,"href":"https:\/\/www.papayacup.com\/pt-pt\/wp-json\/wp\/v2\/media\/909"}],"wp:attachment":[{"href":"https:\/\/www.papayacup.com\/pt-pt\/wp-json\/wp\/v2\/media?parent=1520"}],"wp:term":[{"taxonomy":"product_brand","embeddable":true,"href":"https:\/\/www.papayacup.com\/pt-pt\/wp-json\/wp\/v2\/product_brand?post=1520"},{"taxonomy":"product_cat","embeddable":true,"href":"https:\/\/www.papayacup.com\/pt-pt\/wp-json\/wp\/v2\/product_cat?post=1520"},{"taxonomy":"product_tag","embeddable":true,"href":"https:\/\/www.papayacup.com\/pt-pt\/wp-json\/wp\/v2\/product_tag?post=1520"}],"curies":[{"name":"wp","href":"https:\/\/api.w.org\/{rel}","templated":true}]}}