{"id":1495,"date":"2024-07-23T12:31:28","date_gmt":"2024-07-23T10:31:28","guid":{"rendered":"https:\/\/www.papayacup.com\/comfort-pack-de-2-copos-menstruais-tamanhos-sl-com-esterilizador\/"},"modified":"2026-01-29T13:14:13","modified_gmt":"2026-01-29T12:14:13","slug":"comfort-pack-de-2-copos-menstruais-tamanhos-sl-com-esterilizador","status":"publish","type":"product","link":"https:\/\/www.papayacup.com\/pt-pt\/comfort-pack-de-2-copos-menstruais-tamanhos-sl-com-esterilizador\/","title":{"rendered":"Comfort Pack de 2 copos menstruais tamanhos S+L com esterilizador"},"content":{"rendered":"","protected":false},"excerpt":{"rendered":"<p>Copo menstrual macio e flex\u00edvel<\/p>\n<div class=\"product__block product__icon__row\" style=\"--block-padding-bottom: 0px;\">\n<div class=\"product__icon__container product__icon__container--full\" style=\"--text: #9d42ec;\">\n<div class=\"product__icon\" style=\"--icon-size: 20px; --text: #9d42ec;\" data-aos=\"img-in\">\n<p>&nbsp;<\/p>\n<\/div>\n<div class=\"product__icon__text\" data-aos=\"fade\" data-aos-duration=\"500\">\n<p>Voc\u00ea pode us\u00e1-lo por at\u00e9 12 horas<\/p>\n<\/div>\n<\/div>\n<div class=\"product__icon__container product__icon__container--full\" style=\"--text: #9d42ec;\">\n<div class=\"product__icon\" style=\"--icon-size: 20px; --text: #9d42ec;\" data-aos=\"img-in\">\n<p>&nbsp;<\/p>\n<\/div>\n<div class=\"product__icon__text\" data-aos=\"fade\" data-aos-duration=\"500\">\n<p>Reutiliz\u00e1vel por at\u00e9 10 anos<\/p>\n<\/div>\n<\/div>\n<div class=\"product__icon__container product__icon__container--full\" style=\"--text: #9d42ec;\">\n<div class=\"product__icon\" style=\"--icon-size: 20px; --text: #9d42ec;\" data-aos=\"img-in\">\n<p>&nbsp;<\/p>\n<\/div>\n<div class=\"product__icon__text\" data-aos=\"fade\" data-aos-duration=\"500\">\n<p>Garantia do tamanho correto<\/p>\n<\/div>\n<\/div>\n<div class=\"product__icon__container product__icon__container--full\" style=\"--text: #9d42ec;\">\n<div class=\"product__icon\" style=\"--icon-size: 20px; --text: #9d42ec;\" data-aos=\"img-in\">\n<p>&nbsp;<\/p>\n<\/div>\n<div class=\"product__icon__text\" data-aos=\"fade\" data-aos-duration=\"500\">\n<p>Embalagem super estilosa<\/p>\n<\/div>\n<\/div>\n<div class=\"product__icon__container product__icon__container--full\" style=\"--text: #9d42ec;\">\n<div class=\"product__icon\" style=\"--icon-size: 20px; --text: #9d42ec;\" data-aos=\"img-in\">\n<p>&nbsp;<\/p>\n<\/div>\n<div class=\"product__icon__text\" data-aos=\"fade\" data-aos-duration=\"500\">\n<p>Envios em 48\u201372 horas<\/p>\n<\/div>\n<\/div>\n<\/div>\n","protected":false},"featured_media":1795,"comment_status":"open","ping_status":"closed","template":"","meta":[],"product_brand":[],"product_cat":[94],"product_tag":[],"class_list":{"0":"post-1495","1":"product","2":"type-product","3":"status-publish","4":"has-post-thumbnail","6":"product_cat-copo-menstrual","8":"first","9":"instock","10":"taxable","11":"shipping-taxable","12":"purchasable","13":"product-type-simple"},"_links":{"self":[{"href":"https:\/\/www.papayacup.com\/pt-pt\/wp-json\/wp\/v2\/product\/1495","targetHints":{"allow":["GET"]}}],"collection":[{"href":"https:\/\/www.papayacup.com\/pt-pt\/wp-json\/wp\/v2\/product"}],"about":[{"href":"https:\/\/www.papayacup.com\/pt-pt\/wp-json\/wp\/v2\/types\/product"}],"replies":[{"embeddable":true,"href":"https:\/\/www.papayacup.com\/pt-pt\/wp-json\/wp\/v2\/comments?post=1495"}],"wp:featuredmedia":[{"embeddable":true,"href":"https:\/\/www.papayacup.com\/pt-pt\/wp-json\/wp\/v2\/media\/1795"}],"wp:attachment":[{"href":"https:\/\/www.papayacup.com\/pt-pt\/wp-json\/wp\/v2\/media?parent=1495"}],"wp:term":[{"taxonomy":"product_brand","embeddable":true,"href":"https:\/\/www.papayacup.com\/pt-pt\/wp-json\/wp\/v2\/product_brand?post=1495"},{"taxonomy":"product_cat","embeddable":true,"href":"https:\/\/www.papayacup.com\/pt-pt\/wp-json\/wp\/v2\/product_cat?post=1495"},{"taxonomy":"product_tag","embeddable":true,"href":"https:\/\/www.papayacup.com\/pt-pt\/wp-json\/wp\/v2\/product_tag?post=1495"}],"curies":[{"name":"wp","href":"https:\/\/api.w.org\/{rel}","templated":true}]}}