{"id":1437,"date":"2024-07-23T15:13:59","date_gmt":"2024-07-23T13:13:59","guid":{"rendered":"https:\/\/www.papayacup.com\/infusao-de-equilibrio-hormonal-equilibrio-hormonal\/"},"modified":"2026-04-26T17:05:55","modified_gmt":"2026-04-26T15:05:55","slug":"infusao-de-equilibrio-hormonal-equilibrio-hormonal","status":"publish","type":"product","link":"https:\/\/www.papayacup.com\/pt-pt\/infusao-de-equilibrio-hormonal-equilibrio-hormonal\/","title":{"rendered":"Infus\u00e3o de Equil\u00edbrio Hormonal &#8211; Equil\u00edbrio Hormonal"},"content":{"rendered":"","protected":false},"excerpt":{"rendered":"<p>Balance Hormonal \u00e9 uma infus\u00e3o especialmente formulada para equilibrar naturalmente as suas hormonas, ajudar a relaxar e reduzir a inflama\u00e7\u00e3o causada pela menstrua\u00e7\u00e3o.<\/p>\n<p>Ingredientes da infus\u00e3o e os seus benef\u00edcios:<\/p>\n<ul data-start=\"165\" data-end=\"384\">\n<li data-start=\"165\" data-end=\"220\"><strong data-start=\"167\" data-end=\"177\">Canela<\/strong>: Reduz as c\u00f3licas e melhora a circula\u00e7\u00e3o.<\/li>\n<li data-start=\"221\" data-end=\"268\"><strong data-start=\"223\" data-end=\"236\">Passiflora<\/strong>: Acalma e reduz a ansiedade.<\/li>\n<li data-start=\"269\" data-end=\"325\"><strong data-start=\"271\" data-end=\"283\">Ch\u00e1 Verde<\/strong>: Reduz o incha\u00e7o e aumenta a energia.<\/li>\n<li data-start=\"326\" data-end=\"384\"><strong data-start=\"328\" data-end=\"339\">Alca\u00e7uz<\/strong>: Alivia espasmos e equilibra as hormonas.<\/li>\n<\/ul>\n","protected":false},"featured_media":999,"comment_status":"open","ping_status":"closed","template":"","meta":[],"product_brand":[],"product_cat":[97],"product_tag":[],"class_list":{"0":"post-1437","1":"product","2":"type-product","3":"status-publish","4":"has-post-thumbnail","6":"product_cat-infusao","8":"first","9":"instock","10":"taxable","11":"shipping-taxable","12":"purchasable","13":"product-type-simple"},"_links":{"self":[{"href":"https:\/\/www.papayacup.com\/pt-pt\/wp-json\/wp\/v2\/product\/1437","targetHints":{"allow":["GET"]}}],"collection":[{"href":"https:\/\/www.papayacup.com\/pt-pt\/wp-json\/wp\/v2\/product"}],"about":[{"href":"https:\/\/www.papayacup.com\/pt-pt\/wp-json\/wp\/v2\/types\/product"}],"replies":[{"embeddable":true,"href":"https:\/\/www.papayacup.com\/pt-pt\/wp-json\/wp\/v2\/comments?post=1437"}],"wp:featuredmedia":[{"embeddable":true,"href":"https:\/\/www.papayacup.com\/pt-pt\/wp-json\/wp\/v2\/media\/999"}],"wp:attachment":[{"href":"https:\/\/www.papayacup.com\/pt-pt\/wp-json\/wp\/v2\/media?parent=1437"}],"wp:term":[{"taxonomy":"product_brand","embeddable":true,"href":"https:\/\/www.papayacup.com\/pt-pt\/wp-json\/wp\/v2\/product_brand?post=1437"},{"taxonomy":"product_cat","embeddable":true,"href":"https:\/\/www.papayacup.com\/pt-pt\/wp-json\/wp\/v2\/product_cat?post=1437"},{"taxonomy":"product_tag","embeddable":true,"href":"https:\/\/www.papayacup.com\/pt-pt\/wp-json\/wp\/v2\/product_tag?post=1437"}],"curies":[{"name":"wp","href":"https:\/\/api.w.org\/{rel}","templated":true}]}}