{"id":3003,"date":"2025-06-04T13:49:33","date_gmt":"2025-06-04T11:49:33","guid":{"rendered":"https:\/\/www.papayacup.com\/groessenguide-menstruationsscheibe\/"},"modified":"2026-05-08T08:34:02","modified_gmt":"2026-05-08T06:34:02","slug":"guia-de-tamanhos-para-disco-menstrual","status":"publish","type":"page","link":"https:\/\/www.papayacup.com\/pt-pt\/guia-de-tamanhos-para-disco-menstrual\/","title":{"rendered":"Guia de tamanhos disco menstrual"},"content":{"rendered":"\n<h2 class=\"wp-block-heading\">Qual \u00e9 o tamanho certo do disco menstrual para mim??<\/h2>\n\n\n\n<p>Escolher o tamanho adequado do seu disco menstrual \u00e9 essencial para garantir conforto, efic\u00e1cia e um encaixe anat\u00f4mico correto. Ao contr\u00e1rio do coletor menstrual, o disco n\u00e3o \u00e9 inserido no canal vaginal, mas sim posicionado na base do colo do \u00fatero. Por isso, o tamanho ideal n\u00e3o depende apenas do fluxo menstrual, mas tamb\u00e9m de outros fatores como a posi\u00e7\u00e3o do colo do \u00fatero, a idade e se voc\u00ea j\u00e1 teve partos vaginais.<\/p>\n\n\n\n<h2 class=\"wp-block-heading has-text-align-center\"><strong>A nossa PapayaDisc est\u00e1 dispon\u00edvel em dois tamanhos:<\/strong><\/h2>\n\n\n\n<figure class=\"wp-block-gallery aligncenter has-nested-images columns-default is-cropped wp-block-gallery-1 is-layout-flex wp-block-gallery-is-layout-flex\">\n<figure class=\"wp-block-image size-full\"><img fetchpriority=\"high\" decoding=\"async\" width=\"2000\" height=\"1334\" data-id=\"2757\" src=\"https:\/\/www.papayacup.com\/wp-content\/uploads\/2025\/06\/PAPAYACUP-BAJA-27-edited.jpg\" alt=\"Como inserir o disco menstrual - dois tamanhos\" class=\"wp-image-2757\" srcset=\"https:\/\/www.papayacup.com\/wp-content\/uploads\/2025\/06\/PAPAYACUP-BAJA-27-edited.jpg 2000w, https:\/\/www.papayacup.com\/wp-content\/uploads\/2025\/06\/PAPAYACUP-BAJA-27-edited-500x334.jpg 500w, https:\/\/www.papayacup.com\/wp-content\/uploads\/2025\/06\/PAPAYACUP-BAJA-27-edited-1200x800.jpg 1200w, https:\/\/www.papayacup.com\/wp-content\/uploads\/2025\/06\/PAPAYACUP-BAJA-27-edited-300x200.jpg 300w, https:\/\/www.papayacup.com\/wp-content\/uploads\/2025\/06\/PAPAYACUP-BAJA-27-edited-768x512.jpg 768w, https:\/\/www.papayacup.com\/wp-content\/uploads\/2025\/06\/PAPAYACUP-BAJA-27-edited-1536x1025.jpg 1536w, https:\/\/www.papayacup.com\/wp-content\/uploads\/2025\/06\/PAPAYACUP-BAJA-27-edited-112x75.jpg 112w, https:\/\/www.papayacup.com\/wp-content\/uploads\/2025\/06\/PAPAYACUP-BAJA-27-edited-480x320.jpg 480w, https:\/\/www.papayacup.com\/wp-content\/uploads\/2025\/06\/PAPAYACUP-BAJA-27-edited-800x534.jpg 800w\" sizes=\"(max-width:767px) 480px, (max-width:2000px) 100vw, 2000px\" \/><\/figure>\n<\/figure>\n\n\n\n<h2 class=\"wp-block-heading\">Tamanho S (pequeno)<\/h2>\n\n\n\n<p>Recomendado para pessoas com <strong>colo do \u00fatero baixo<\/strong>, com menos de 30 anos ou que n\u00e3o tenham tido partos vaginais. \u00c9 mais compacto, o que facilita a inser\u00e7\u00e3o e remo\u00e7\u00e3o em anatomias mais estreitas.<\/p>\n\n\n\n<h2 class=\"wp-block-heading\">Tamanho L (grande)<\/h2>\n\n\n\n<p>Ideal para pessoas com <strong>colo do \u00fatero alto<\/strong>, com mais de 30 anos ou que j\u00e1 tiveram partos vaginais.<br>Esse tamanho possui uma maior capacidade, sendo perfeito para fluxos intensos e para intervalos mais longos entre os esvaziamentos.<br><\/p>\n\n\n\n<h2 class=\"wp-block-heading\">Dica sobre a altura do colo do \u00fatero:<\/h2>\n\n\n\n<p>Se voc\u00ea n\u00e3o tem certeza da altura do seu colo do \u00fatero, pode toc\u00e1-lo com cuidado durante a menstrua\u00e7\u00e3o:<br>\ud83d\udc49 Se voc\u00ea consegue alcan\u00e7\u00e1-lo facilmente com a ponta do dedo, \u00e9 prov\u00e1vel que ele esteja baixo.<br>\ud83d\udc49 Se voc\u00ea mal consegue senti-lo \u2014 ou nem consegue \u2014, ele est\u00e1 alto.<\/p>\n\n\n\n<p>Mais informa\u00e7\u00f5es sobre isso voc\u00ea encontra aqui: <a href=\"https:\/\/www.papayacup.com\/pt-pt\/guia-de-tamanhos\/\">Guia de tamanhos do coletor menstrual PapayaCup.<\/a><\/p>\n\n\n\n<h2 class=\"wp-block-heading\">Um extra especial para voc\u00ea:<\/h2>\n\n\n\n<p>Para que voc\u00ea encontre o encaixe perfeito, oferecemos um kit combinado com os dois tamanhos (S + L) \u2013 incluindo um pr\u00e1tico esterilizador reutiliz\u00e1vel.<\/p>\n\n\n\n<p>Assim, voc\u00ea pode experimentar as duas vers\u00f5es e se adaptar com flexibilidade \u00e0s diferentes fases do seu ciclo.<\/p>\n\n\n\n<p><strong>Lembre-se:<\/strong> cada corpo \u00e9 \u00fanico. Com a PapayaDisc, \u00e9 voc\u00ea quem decide o que melhor combina com seu corpo.<\/p>\n","protected":false},"excerpt":{"rendered":"<p>Qual \u00e9 o tamanho certo do disco menstrual para mim?? Escolher o tamanho adequado do seu disco menstrual \u00e9 essencial para garantir conforto, efic\u00e1cia e um<span class=\"excerpt-hellip\"> [\u2026]<\/span><\/p>\n","protected":false},"author":2,"featured_media":0,"parent":0,"menu_order":0,"comment_status":"closed","ping_status":"closed","template":"","meta":{"footnotes":""},"class_list":["post-3003","page","type-page","status-publish","hentry"],"_links":{"self":[{"href":"https:\/\/www.papayacup.com\/pt-pt\/wp-json\/wp\/v2\/pages\/3003","targetHints":{"allow":["GET"]}}],"collection":[{"href":"https:\/\/www.papayacup.com\/pt-pt\/wp-json\/wp\/v2\/pages"}],"about":[{"href":"https:\/\/www.papayacup.com\/pt-pt\/wp-json\/wp\/v2\/types\/page"}],"author":[{"embeddable":true,"href":"https:\/\/www.papayacup.com\/pt-pt\/wp-json\/wp\/v2\/users\/2"}],"replies":[{"embeddable":true,"href":"https:\/\/www.papayacup.com\/pt-pt\/wp-json\/wp\/v2\/comments?post=3003"}],"version-history":[{"count":3,"href":"https:\/\/www.papayacup.com\/pt-pt\/wp-json\/wp\/v2\/pages\/3003\/revisions"}],"predecessor-version":[{"id":8411,"href":"https:\/\/www.papayacup.com\/pt-pt\/wp-json\/wp\/v2\/pages\/3003\/revisions\/8411"}],"wp:attachment":[{"href":"https:\/\/www.papayacup.com\/pt-pt\/wp-json\/wp\/v2\/media?parent=3003"}],"curies":[{"name":"wp","href":"https:\/\/api.w.org\/{rel}","templated":true}]}}