{"id":1536,"date":"2024-07-22T13:18:15","date_gmt":"2024-07-22T11:18:15","guid":{"rendered":"https:\/\/www.papayacup.com\/guia-de-tamanhos\/"},"modified":"2025-06-20T14:41:27","modified_gmt":"2025-06-20T12:41:27","slug":"guia-de-tamanhos","status":"publish","type":"page","link":"https:\/\/www.papayacup.com\/pt-pt\/guia-de-tamanhos\/","title":{"rendered":"Guia de tamanhos"},"content":{"rendered":"\n<p><\/p>\n\n\n\n<p>Escolher o tamanho certo do copo menstrual n\u00e3o \u00e9 t\u00e3o f\u00e1cil como parece, mas o tamanho certo \u00e9 uma garantia de sucesso.  <\/p>\n\n\n\n<p>A maioria das marcas de copos menstruais faz quest\u00e3o de dizer que o tamanho do copo est\u00e1 relacionado com o tamanho do copo menstrual:<\/p>\n\n\n\n<p><strong>-idade<\/strong><\/p>\n\n\n\n<p><strong>-e com o facto de teres sido m\u00e3e por parto vaginal.<\/strong><\/p>\n\n\n\n<p>Mas <strong>esta explica\u00e7\u00e3o \u00e9 um pouco vaga<\/strong> e nem sempre \u00e9 o caso.<\/p>\n\n\n\n<p>Por muito que o resto do mundo insista em dizer-te o que acabaste de dizer, temos de te dizer que o fator decisivo para escolheres o tamanho da tua copa \u00e9 saberes a <strong>ALTURA DA TUA CERVICE <\/strong>.  <\/p>\n\n\n\n<h1 class=\"wp-block-heading has-text-align-center\"><strong>O que \u00e9 e onde est\u00e1 o colo do \u00fatero?<\/strong><\/h1>\n\n\n<div class=\"wp-block-image\">\n<figure class=\"aligncenter size-full\"><img fetchpriority=\"high\" decoding=\"async\" width=\"1024\" height=\"750\" src=\"https:\/\/www.papayacup.com\/wp-content\/uploads\/2025\/05\/Blogartikel-BILDER-PapayaCup-7-1.jpg\" alt=\"Como colocar o copo menstrual?\" class=\"wp-image-2137\" srcset=\"https:\/\/www.papayacup.com\/wp-content\/uploads\/2025\/05\/Blogartikel-BILDER-PapayaCup-7-1.jpg 1024w, https:\/\/www.papayacup.com\/wp-content\/uploads\/2025\/05\/Blogartikel-BILDER-PapayaCup-7-1-500x366.jpg 500w, https:\/\/www.papayacup.com\/wp-content\/uploads\/2025\/05\/Blogartikel-BILDER-PapayaCup-7-1-300x220.jpg 300w, https:\/\/www.papayacup.com\/wp-content\/uploads\/2025\/05\/Blogartikel-BILDER-PapayaCup-7-1-768x563.jpg 768w, https:\/\/www.papayacup.com\/wp-content\/uploads\/2025\/05\/Blogartikel-BILDER-PapayaCup-7-1-102x75.jpg 102w, https:\/\/www.papayacup.com\/wp-content\/uploads\/2025\/05\/Blogartikel-BILDER-PapayaCup-7-1-480x352.jpg 480w, https:\/\/www.papayacup.com\/wp-content\/uploads\/2025\/05\/Blogartikel-BILDER-PapayaCup-7-1-800x586.jpg 800w\" sizes=\"(max-width:767px) 480px, (max-width:1024px) 100vw, 1024px\" \/><\/figure><\/div>\n\n\n<p>O colo do \u00fatero \u00e9 o pesco\u00e7o do \u00fatero. Podemos dizer que \u00e9 como se fosse a &#8220;porta&#8221; que une o teu canal vaginal ao \u00fatero. Gra\u00e7as aos seus receptores hormonais, muda de posi\u00e7\u00e3o, abre-se e fecha-se.  <\/p>\n\n\n\n<p>Medir o colo do \u00fatero pode ser a coisa mais confusa e estranha que podes fazer para escolher o teu tamanho, mas garantimos-te que \u00e9 a coisa mais importante que podes fazer para acertar.  <\/p>\n\n\n\n<h1 class=\"wp-block-heading\">Quando deves medir o teu colo do \u00fatero?<\/h1>\n\n\n\n<p>Recomendamos que o fa\u00e7as durante a menstrua\u00e7\u00e3o. Como dissemos anteriormente, o colo do \u00fatero move-se. Sobe e desce ao longo do ciclo menstrual e s\u00f3 medindo-o durante a hemorragia \u00e9 que podes ser muito precisa e saber se o teu colo do \u00fatero est\u00e1 baixo, m\u00e9dio ou alto.    <\/p>\n\n\n\n<h1 class=\"wp-block-heading\">Como \u00e9 que medimos o nosso colo do \u00fatero?  <\/h1>\n\n\n\n<p>Quando tiveres o per\u00edodo, introduz um dedo limpo (por exemplo, o indicador) na vagina e tenta encontrar algo redondo e firme com a ponta do dedo que se assemelhe \u00e0 ponta do teu nariz.  <\/p>\n\n\n\n<p>Antes de tirares o dedo, deves marcar com o polegar quantas falanges do teu dedo inseriste, e depois podes contar os n\u00fameros.<\/p>\n\n\n\n<ul class=\"wp-block-list\">\n<li><strong>Se conseguires introduzir o dedo inteiro, tens um colo do \u00fatero alto (55 mm).<\/strong><\/li>\n\n\n\n<li><strong>Se conseguiste inserir at\u00e9 \u00e0 segunda falange, tens um colo do \u00fatero m\u00e9dio (55-45 mm).<\/strong><\/li>\n\n\n\n<li><strong>Se s\u00f3 chegaste at\u00e9 \u00e0 primeira falange, tens o n\u00edvel baixo (44 mm).  <\/strong><\/li>\n<\/ul>\n\n\n\n<figure class=\"wp-block-image size-full\"><img decoding=\"async\" width=\"480\" height=\"171\" src=\"https:\/\/www.papayacup.com\/wp-content\/uploads\/2025\/06\/PapayaCup-Image-480x171-px-5.jpg\" alt=\"pt\" class=\"wp-image-3186\" srcset=\"https:\/\/www.papayacup.com\/wp-content\/uploads\/2025\/06\/PapayaCup-Image-480x171-px-5.jpg 480w, https:\/\/www.papayacup.com\/wp-content\/uploads\/2025\/06\/PapayaCup-Image-480x171-px-5-300x107.jpg 300w, https:\/\/www.papayacup.com\/wp-content\/uploads\/2025\/06\/PapayaCup-Image-480x171-px-5-150x53.jpg 150w\" sizes=\"(max-width:767px) 480px, 480px\" \/><\/figure>\n\n\n\n<h1 class=\"wp-block-heading\">Como \u00e9 que traduzimos as medidas do colo do \u00fatero em tamanhos?  <\/h1>\n\n\n\n<ul class=\"wp-block-list\">\n<li>Deves escolher um tamanho S se tiveres um colo do \u00fatero inferior a 49 mm.<\/li>\n\n\n\n<li>Se tiveres um colo do \u00fatero m\u00e9dio, recomendamos o Comfort Pack S e L.<\/li>\n\n\n\n<li>Se tiveres um colo do \u00fatero m\u00e9dio, tanto um S como um L servir\u00e3o, uma vez que cada corpo \u00e9 \u00fanico, em caso de d\u00favida, compra um pack S+L.  <\/li>\n<\/ul>\n\n\n<div class=\"wp-block-image\">\n<figure class=\"aligncenter size-full\"><img decoding=\"async\" width=\"480\" height=\"360\" src=\"https:\/\/www.papayacup.com\/wp-content\/uploads\/2025\/06\/PapayaCup-Image-480x360-px-5-2.jpg\" alt=\"PT\" class=\"wp-image-3193\" srcset=\"https:\/\/www.papayacup.com\/wp-content\/uploads\/2025\/06\/PapayaCup-Image-480x360-px-5-2.jpg 480w, https:\/\/www.papayacup.com\/wp-content\/uploads\/2025\/06\/PapayaCup-Image-480x360-px-5-2-300x225.jpg 300w, https:\/\/www.papayacup.com\/wp-content\/uploads\/2025\/06\/PapayaCup-Image-480x360-px-5-2-100x75.jpg 100w\" sizes=\"(max-width:767px) 480px, 480px\" \/><\/figure><\/div>\n\n\n<h3 class=\"wp-block-heading has-text-align-center\">PapayaCup oferece-te dois tamanhos<\/h3>\n\n\n<div class=\"wp-block-image\">\n<figure class=\"aligncenter size-full\"><img loading=\"lazy\" decoding=\"async\" width=\"1024\" height=\"1024\" src=\"https:\/\/www.papayacup.com\/wp-content\/uploads\/2025\/05\/PT-Papayacup-1.png\" alt=\"Home page\" class=\"wp-image-2261\" srcset=\"https:\/\/www.papayacup.com\/wp-content\/uploads\/2025\/05\/PT-Papayacup-1.png 1024w, https:\/\/www.papayacup.com\/wp-content\/uploads\/2025\/05\/PT-Papayacup-1-500x500.png 500w, https:\/\/www.papayacup.com\/wp-content\/uploads\/2025\/05\/PT-Papayacup-1-300x300.png 300w\" sizes=\"(max-width:767px) 480px, (max-width:1024px) 100vw, 1024px\" \/><figcaption class=\"wp-element-caption\">Home page<\/figcaption><\/figure><\/div>","protected":false},"excerpt":{"rendered":"<p>Escolher o tamanho certo do copo menstrual n\u00e3o \u00e9 t\u00e3o f\u00e1cil como parece, mas o tamanho certo \u00e9 uma garantia de sucesso. A maioria das marcas<span class=\"excerpt-hellip\"> [\u2026]<\/span><\/p>\n","protected":false},"author":1,"featured_media":0,"parent":0,"menu_order":0,"comment_status":"closed","ping_status":"closed","template":"","meta":{"footnotes":""},"class_list":["post-1536","page","type-page","status-publish","hentry"],"_links":{"self":[{"href":"https:\/\/www.papayacup.com\/pt-pt\/wp-json\/wp\/v2\/pages\/1536","targetHints":{"allow":["GET"]}}],"collection":[{"href":"https:\/\/www.papayacup.com\/pt-pt\/wp-json\/wp\/v2\/pages"}],"about":[{"href":"https:\/\/www.papayacup.com\/pt-pt\/wp-json\/wp\/v2\/types\/page"}],"author":[{"embeddable":true,"href":"https:\/\/www.papayacup.com\/pt-pt\/wp-json\/wp\/v2\/users\/1"}],"replies":[{"embeddable":true,"href":"https:\/\/www.papayacup.com\/pt-pt\/wp-json\/wp\/v2\/comments?post=1536"}],"version-history":[{"count":2,"href":"https:\/\/www.papayacup.com\/pt-pt\/wp-json\/wp\/v2\/pages\/1536\/revisions"}],"predecessor-version":[{"id":3199,"href":"https:\/\/www.papayacup.com\/pt-pt\/wp-json\/wp\/v2\/pages\/1536\/revisions\/3199"}],"wp:attachment":[{"href":"https:\/\/www.papayacup.com\/pt-pt\/wp-json\/wp\/v2\/media?parent=1536"}],"curies":[{"name":"wp","href":"https:\/\/api.w.org\/{rel}","templated":true}]}}