{"id":1360,"date":"2024-11-13T12:50:10","date_gmt":"2024-11-13T11:50:10","guid":{"rendered":"https:\/\/www.papayacup.com\/troca-e-devolucao\/"},"modified":"2024-11-29T10:17:17","modified_gmt":"2024-11-29T09:17:17","slug":"troca-e-devolucao","status":"publish","type":"page","link":"https:\/\/www.papayacup.com\/pt-pt\/troca-e-devolucao\/","title":{"rendered":"Troca e devolu\u00e7\u00e3o"},"content":{"rendered":"\n<!-- Legal document generated by Complianz | GDPR\/CCPA Cookie Consent https:\/\/wordpress.org\/plugins\/complianz-gdpr -->\n<div id=\"cmplz-document\" class=\"cmplz-document impressum cmplz-document-all\"><p><i>Este imprint foi atualizado pela \u00faltima vez em 18 de Novembro de 2024.<\/i><\/p><p class=\"cmplz-subtitle\">O propriet\u00e1rio deste site \u00e9:<\/p><p>Veredes Ventures SL SL<br>Calle Rosell\u00f3 244. 1,1.<br \/>\nBarcelona<br>Espanha<br>E-mail:&nbsp;<span class=\"cmplz-obfuscate\">i&#110;&#102;o@<span class=\"cmplz-fmail-domain\">&#101;x&#046;com<\/span>&#112;apa&#121;a&#099;&#117;&#112;&#046;&#099;o&#109;<\/span><br>Telefone: +34 629 72 01 71<br>NIF:&nbsp;ESB56966377<\/p><h2>1. Geral<\/h2><p>N\u00e3o estamos dispostos ou somos obrigados a participar de procedimentos de resolu\u00e7\u00e3o de lit\u00edgios perante um conselho de arbitragem de consumidores.<\/p><h2>2. As seguintes informa\u00e7\u00f5es a s\u00e3o obrigat\u00f3rias de acordo com a lei alem\u00e3.<\/h2><p class=\"cmplz-subtitle\">2.1 Die Eigentumsanteile der Gesellschaft (Aktienkapital), die von ihr ausgegeben wurden:<\/p><p>3100<\/p><\/div>","protected":false},"excerpt":{"rendered":"","protected":false},"author":2,"featured_media":0,"parent":0,"menu_order":0,"comment_status":"closed","ping_status":"closed","template":"","meta":{"footnotes":""},"class_list":["post-1360","page","type-page","status-publish","hentry"],"_links":{"self":[{"href":"https:\/\/www.papayacup.com\/pt-pt\/wp-json\/wp\/v2\/pages\/1360","targetHints":{"allow":["GET"]}}],"collection":[{"href":"https:\/\/www.papayacup.com\/pt-pt\/wp-json\/wp\/v2\/pages"}],"about":[{"href":"https:\/\/www.papayacup.com\/pt-pt\/wp-json\/wp\/v2\/types\/page"}],"author":[{"embeddable":true,"href":"https:\/\/www.papayacup.com\/pt-pt\/wp-json\/wp\/v2\/users\/2"}],"replies":[{"embeddable":true,"href":"https:\/\/www.papayacup.com\/pt-pt\/wp-json\/wp\/v2\/comments?post=1360"}],"version-history":[{"count":1,"href":"https:\/\/www.papayacup.com\/pt-pt\/wp-json\/wp\/v2\/pages\/1360\/revisions"}],"predecessor-version":[{"id":1364,"href":"https:\/\/www.papayacup.com\/pt-pt\/wp-json\/wp\/v2\/pages\/1360\/revisions\/1364"}],"wp:attachment":[{"href":"https:\/\/www.papayacup.com\/pt-pt\/wp-json\/wp\/v2\/media?parent=1360"}],"curies":[{"name":"wp","href":"https:\/\/api.w.org\/{rel}","templated":true}]}}