{"id":1330,"date":"2024-08-09T14:50:33","date_gmt":"2024-08-09T12:50:33","guid":{"rendered":"https:\/\/www.papayacup.com\/isencao-de-responsabilidade-2\/"},"modified":"2024-11-29T10:16:47","modified_gmt":"2024-11-29T09:16:47","slug":"isencao-de-responsabilidade-2","status":"publish","type":"page","link":"https:\/\/www.papayacup.com\/pt-pt\/isencao-de-responsabilidade-2\/","title":{"rendered":"Isen\u00e7\u00e3o de responsabilidade"},"content":{"rendered":"\n<!-- Legal document generated by Complianz | GDPR\/CCPA Cookie Consent https:\/\/wordpress.org\/plugins\/complianz-gdpr -->\n<div id=\"cmplz-document\" class=\"cmplz-document disclaimer cmplz-document-all\"><p>Veredes Ventures SL tem o compromisso de manter este site atualizado e preciso. Se, no entanto, encontrar algo que esteja incorreto ou desatualizado, agradecer\u00edamos nos informe. Indique onde leu as informa\u00e7\u00f5es no site. De seguida, examinaremos o mais r\u00e1pido poss\u00edvel. Envie sua resposta por e-mail para: <span class=\"cmplz-obfuscate\">i&#110;&#102;o@<span class=\"cmplz-fmail-domain\">&#101;&#120;.co&#109;<\/span>&#112;ap&#097;ya&#099;&#117;&#112;&#046;&#099;&#111;m<\/span>.<\/p><p>N\u00e3o nos responsabilizamos por perdas resultantes de imprecis\u00f5es ou informa\u00e7\u00e3o incompleta, nem por perdas causadas por ou inerentes \u00e0 divulga\u00e7\u00e3o de informa\u00e7\u00f5es pela internet, como perturba\u00e7\u00f5es ou interrup\u00e7\u00f5es. Ao usar formul\u00e1rios da web, esfor\u00e7amos-nos para limitar ao m\u00ednimo o n\u00famero de campos obrigat\u00f3rios. Por qualquer perda sofrida como resultado do uso de dados, conselhos ou ideias fornecidos por ou em nome de Veredes Ventures SL atrav\u00e9s deste site, Veredes Ventures SL n\u00e3o se responsabiliza.<\/p><p>Todos os direitos de propriedade intelectual do conte\u00fado deste site s\u00e3o de Veredes Ventures SL ou de terceiros que colocaram o conte\u00fado por conta pr\u00f3pria ou de quem Veredes Ventures SL obteve uma licen\u00e7a de utiliza\u00e7\u00e3o.<\/p><p>A c\u00f3pia, dissemina\u00e7\u00e3o e qualquer outro uso desses materiais n\u00e3o s\u00e3o permitidos sem a permiss\u00e3o por escrito de Veredes Ventures SL, exceto e apenas na medida em que estipulado de outra forma nos regulamentos da lei obrigat\u00f3ria (como o direito de citar), a menos que o conte\u00fado espec\u00edfico dite o contr\u00e1rio.<\/p><p>Se tiver d\u00favidas ou problemas com a acessibilidade do site, n\u00e3o hesite em nos contactar.<\/p><\/div>","protected":false},"excerpt":{"rendered":"","protected":false},"author":1,"featured_media":0,"parent":0,"menu_order":0,"comment_status":"closed","ping_status":"closed","template":"","meta":{"footnotes":""},"class_list":["post-1330","page","type-page","status-publish","hentry"],"_links":{"self":[{"href":"https:\/\/www.papayacup.com\/pt-pt\/wp-json\/wp\/v2\/pages\/1330","targetHints":{"allow":["GET"]}}],"collection":[{"href":"https:\/\/www.papayacup.com\/pt-pt\/wp-json\/wp\/v2\/pages"}],"about":[{"href":"https:\/\/www.papayacup.com\/pt-pt\/wp-json\/wp\/v2\/types\/page"}],"author":[{"embeddable":true,"href":"https:\/\/www.papayacup.com\/pt-pt\/wp-json\/wp\/v2\/users\/1"}],"replies":[{"embeddable":true,"href":"https:\/\/www.papayacup.com\/pt-pt\/wp-json\/wp\/v2\/comments?post=1330"}],"version-history":[{"count":1,"href":"https:\/\/www.papayacup.com\/pt-pt\/wp-json\/wp\/v2\/pages\/1330\/revisions"}],"predecessor-version":[{"id":1332,"href":"https:\/\/www.papayacup.com\/pt-pt\/wp-json\/wp\/v2\/pages\/1330\/revisions\/1332"}],"wp:attachment":[{"href":"https:\/\/www.papayacup.com\/pt-pt\/wp-json\/wp\/v2\/media?parent=1330"}],"curies":[{"name":"wp","href":"https:\/\/api.w.org\/{rel}","templated":true}]}}