{"id":2728,"date":"2025-05-29T00:25:01","date_gmt":"2025-05-28T22:25:01","guid":{"rendered":"https:\/\/www.papayacup.com\/?post_type=product&#038;p=2728"},"modified":"2025-12-05T14:49:14","modified_gmt":"2025-12-05T13:49:14","slug":"comfort-2-pack-dischi-mestruali-sl","status":"publish","type":"product","link":"https:\/\/www.papayacup.com\/it\/comfort-2-pack-dischi-mestruali-sl\/","title":{"rendered":"PapayaDisc 2 dischi mestruali taglia S+L"},"content":{"rendered":"","protected":false},"excerpt":{"rendered":"<p><strong>Disco menstrual confort\u00e1vel, reutiliz\u00e1vel e revolucion\u00e1rio<\/strong><\/p>\n<div class=\"product__block product__icon__row\" style=\"--block-padding-bottom: 0px;\">\n<div class=\"product__icon__container product__icon__container--full\" style=\"--text: #9d42ec;\">\n<div class=\"product__icon__text\" data-aos=\"fade\" data-aos-duration=\"500\">\n      \u23f3 Pode ser usado at\u00e9 12 horas seguidas\n    <\/div>\n<\/p><\/div>\n<div class=\"product__icon__container product__icon__container--full\" style=\"--text: #9d42ec;\">\n<div class=\"product__icon__text\" data-aos=\"fade\" data-aos-duration=\"500\">\n      \u267b\ufe0f Reutiliz\u00e1vel por at\u00e9 10 anos\n    <\/div>\n<\/p><\/div>\n<div class=\"product__icon__container product__icon__container--full\" style=\"--text: #9d42ec;\">\n<div class=\"product__icon__text\" data-aos=\"fade\" data-aos-duration=\"500\">\n      \ud83e\uddea 100% silicone de grau m\u00e9dico, sem toxinas ou l\u00e1tex\n    <\/div>\n<\/p><\/div>\n<div class=\"product__icon__container product__icon__container--full\" style=\"--text: #9d42ec;\">\n<div class=\"product__icon__text\" data-aos=\"fade\" data-aos-duration=\"500\">\n      \ud83d\udc9c Pode ser usado durante o sexo\n    <\/div>\n<\/p><\/div>\n<div class=\"product__icon__container product__icon__container--full\" style=\"--text: #9d42ec;\">\n<div class=\"product__icon__text\" data-aos=\"fade\" data-aos-duration=\"500\">\n      \ud83c\udf81 Inclui 2 tamanhos, bolsa de armazenamento e v\u00eddeo tutorial\n    <\/div>\n<\/p><\/div>\n<div class=\"product__icon__container product__icon__container--full\" style=\"--text: #9d42ec;\">\n<div class=\"product__icon__text\" data-aos=\"fade\" data-aos-duration=\"500\">\n      \ud83d\ude9a Envio r\u00e1pido em 48\/72 horas\n    <\/div>\n<\/p><\/div>\n<\/div>\n","protected":false},"featured_media":2611,"comment_status":"open","ping_status":"closed","template":"","meta":[],"product_brand":[],"product_cat":[129],"product_tag":[],"class_list":{"0":"post-2728","1":"product","2":"type-product","3":"status-publish","4":"has-post-thumbnail","6":"product_cat-disco-mestruale","8":"first","9":"instock","10":"taxable","11":"shipping-taxable","12":"purchasable","13":"product-type-simple"},"_links":{"self":[{"href":"https:\/\/www.papayacup.com\/it\/wp-json\/wp\/v2\/product\/2728","targetHints":{"allow":["GET"]}}],"collection":[{"href":"https:\/\/www.papayacup.com\/it\/wp-json\/wp\/v2\/product"}],"about":[{"href":"https:\/\/www.papayacup.com\/it\/wp-json\/wp\/v2\/types\/product"}],"replies":[{"embeddable":true,"href":"https:\/\/www.papayacup.com\/it\/wp-json\/wp\/v2\/comments?post=2728"}],"wp:featuredmedia":[{"embeddable":true,"href":"https:\/\/www.papayacup.com\/it\/wp-json\/wp\/v2\/media\/2611"}],"wp:attachment":[{"href":"https:\/\/www.papayacup.com\/it\/wp-json\/wp\/v2\/media?parent=2728"}],"wp:term":[{"taxonomy":"product_brand","embeddable":true,"href":"https:\/\/www.papayacup.com\/it\/wp-json\/wp\/v2\/product_brand?post=2728"},{"taxonomy":"product_cat","embeddable":true,"href":"https:\/\/www.papayacup.com\/it\/wp-json\/wp\/v2\/product_cat?post=2728"},{"taxonomy":"product_tag","embeddable":true,"href":"https:\/\/www.papayacup.com\/it\/wp-json\/wp\/v2\/product_tag?post=2728"}],"curies":[{"name":"wp","href":"https:\/\/api.w.org\/{rel}","templated":true}]}}