{"id":1538,"date":"2024-07-22T13:18:15","date_gmt":"2024-07-22T11:18:15","guid":{"rendered":"https:\/\/www.papayacup.com\/guida-alle-dimensioni\/"},"modified":"2025-06-20T14:37:35","modified_gmt":"2025-06-20T12:37:35","slug":"guida-alle-dimensioni","status":"publish","type":"page","link":"https:\/\/www.papayacup.com\/it\/guida-alle-dimensioni\/","title":{"rendered":"Guida alle dimensioni"},"content":{"rendered":"\n<p><\/p>\n\n\n\n<p>Scegliere la taglia giusta della coppetta mestruale non \u00e8 cos\u00ec facile come sembra, ma ottenere la taglia giusta \u00e8 una garanzia di successo.  <\/p>\n\n\n\n<p>La maggior parte delle marche di coppette mestruali afferma che la dimensione della coppetta \u00e8 legata alla dimensione della coppetta mestruale:<\/p>\n\n\n\n<p><strong>-Et\u00e0<\/strong><\/p>\n\n\n\n<p><strong>-E con il fatto che sei diventata madre con un parto vaginale.<\/strong><\/p>\n\n\n\n<p>Ma <strong>questa spiegazione \u00e8 un po&#8217; vaga<\/strong> e non \u00e8 sempre cos\u00ec.<\/p>\n\n\n\n<p>Per quanto il resto del mondo possa insistere nel dirti quanto sopra, noi dobbiamo dirti che il fattore decisivo per scegliere la tua taglia di coppa \u00e8 conoscere l&#8217;<strong>ALTEZZA DEL TUO CERVICE <\/strong>.  <\/p>\n\n\n\n<h1 class=\"wp-block-heading has-text-align-center\"><strong>Che cos&#8217;\u00e8 la cervice e dove si trova?<\/strong><\/h1>\n\n\n<div class=\"wp-block-image\">\n<figure class=\"aligncenter size-full\"><img fetchpriority=\"high\" decoding=\"async\" width=\"1024\" height=\"750\" src=\"https:\/\/www.papayacup.com\/wp-content\/uploads\/2025\/04\/Blogartikel-BILDER-PapayaCup-5-1.jpg\" alt=\"Come inserire la coppetta mestruale?\" class=\"wp-image-2104\" srcset=\"https:\/\/www.papayacup.com\/wp-content\/uploads\/2025\/04\/Blogartikel-BILDER-PapayaCup-5-1.jpg 1024w, https:\/\/www.papayacup.com\/wp-content\/uploads\/2025\/04\/Blogartikel-BILDER-PapayaCup-5-1-500x366.jpg 500w, https:\/\/www.papayacup.com\/wp-content\/uploads\/2025\/04\/Blogartikel-BILDER-PapayaCup-5-1-300x220.jpg 300w, https:\/\/www.papayacup.com\/wp-content\/uploads\/2025\/04\/Blogartikel-BILDER-PapayaCup-5-1-768x563.jpg 768w, https:\/\/www.papayacup.com\/wp-content\/uploads\/2025\/04\/Blogartikel-BILDER-PapayaCup-5-1-102x75.jpg 102w, https:\/\/www.papayacup.com\/wp-content\/uploads\/2025\/04\/Blogartikel-BILDER-PapayaCup-5-1-480x352.jpg 480w, https:\/\/www.papayacup.com\/wp-content\/uploads\/2025\/04\/Blogartikel-BILDER-PapayaCup-5-1-800x586.jpg 800w\" sizes=\"(max-width:767px) 480px, (max-width:1024px) 100vw, 1024px\" \/><\/figure><\/div>\n\n\n<p>La cervice \u00e8 il collo dell&#8217;utero. Possiamo dire che \u00e8 come il &#8220;cancello&#8221; che unisce il canale vaginale all&#8217;utero. Grazie ai suoi recettori ormonali, cambia posizione e si apre e si chiude.  <\/p>\n\n\n\n<p>Misurare il collo dell&#8217;utero pu\u00f2 essere la cosa pi\u00f9 strana e confusa che tu possa fare per scegliere la tua taglia, ma ti assicuriamo che \u00e8 la cosa pi\u00f9 importante che tu possa fare per ottenere la giusta misura.  <\/p>\n\n\n\n<h1 class=\"wp-block-heading\">Quando si deve misurare la cervice?<\/h1>\n\n\n\n<p>Ti consigliamo di farlo durante le mestruazioni. Come abbiamo gi\u00e0 detto, la cervice si muove. Si alza e si abbassa durante il ciclo mestruale e solo misurandola durante il sanguinamento puoi essere molto precisa e sapere se la tua cervice \u00e8 bassa, media o alta.    <\/p>\n\n\n\n<h1 class=\"wp-block-heading\">Come si misura la cervice?  <\/h1>\n\n\n\n<p>Quando hai le mestruazioni, inserisci un dito pulito (ad esempio l&#8217;indice) nella vagina e cerca di trovare con la punta del dito qualcosa di rotondo e solido che assomigli alla punta del naso.  <\/p>\n\n\n\n<p>Prima di estrarre il dito, devi segnare con il pollice quante falangi del dito hai inserito e poi potrai contare i numeri.<\/p>\n\n\n\n<ul class=\"wp-block-list\">\n<li><strong>Se sei riuscita a inserire tutto il dito, hai una cervice alta (55 mm).<\/strong><\/li>\n\n\n\n<li><strong>Se sei riuscita a inserire fino alla seconda falange, hai una cervice media (55-45 mm).<\/strong><\/li>\n\n\n\n<li><strong>Se ti sei spinto solo fino alla prima falange, l&#8217;hai presa bassa (44 mm).  <\/strong><\/li>\n<\/ul>\n\n\n\n<figure class=\"wp-block-image size-full\"><img decoding=\"async\" width=\"480\" height=\"171\" src=\"https:\/\/www.papayacup.com\/wp-content\/uploads\/2025\/06\/PapayaCup-Image-480x171-px-4-1.jpg\" alt=\"IT\" class=\"wp-image-3179\" srcset=\"https:\/\/www.papayacup.com\/wp-content\/uploads\/2025\/06\/PapayaCup-Image-480x171-px-4-1.jpg 480w, https:\/\/www.papayacup.com\/wp-content\/uploads\/2025\/06\/PapayaCup-Image-480x171-px-4-1-300x107.jpg 300w, https:\/\/www.papayacup.com\/wp-content\/uploads\/2025\/06\/PapayaCup-Image-480x171-px-4-1-150x53.jpg 150w\" sizes=\"(max-width:767px) 480px, 480px\" \/><\/figure>\n\n\n\n<h1 class=\"wp-block-heading\">Come possiamo tradurre le misure del collo dell&#8217;utero in taglie?  <\/h1>\n\n\n\n<ul class=\"wp-block-list\">\n<li>Dovresti scegliere una taglia S se hai una cervice inferiore a 49 mm.<\/li>\n\n\n\n<li>Se hai una cervice media, ti consigliamo il Comfort Pack S e L.<\/li>\n\n\n\n<li>Se hai una cervice media, ti andr\u00e0 bene sia una S che una L, poich\u00e9 ogni corpo \u00e8 unico; in caso di dubbio, acquista una confezione S+L.  <\/li>\n<\/ul>\n\n\n<div class=\"wp-block-image\">\n<figure class=\"aligncenter size-full\"><img decoding=\"async\" width=\"480\" height=\"360\" src=\"https:\/\/www.papayacup.com\/wp-content\/uploads\/2025\/06\/PapayaCup-Image-480x360-px-4-1.jpg\" alt=\"IT\" class=\"wp-image-3173\" srcset=\"https:\/\/www.papayacup.com\/wp-content\/uploads\/2025\/06\/PapayaCup-Image-480x360-px-4-1.jpg 480w, https:\/\/www.papayacup.com\/wp-content\/uploads\/2025\/06\/PapayaCup-Image-480x360-px-4-1-300x225.jpg 300w, https:\/\/www.papayacup.com\/wp-content\/uploads\/2025\/06\/PapayaCup-Image-480x360-px-4-1-100x75.jpg 100w\" sizes=\"(max-width:767px) 480px, 480px\" \/><\/figure><\/div>\n\n\n<h3 class=\"wp-block-heading has-text-align-center\">PapayaCup ti offre due misure<\/h3>\n\n\n<div class=\"wp-block-image\">\n<figure class=\"aligncenter size-full\"><img loading=\"lazy\" decoding=\"async\" width=\"1024\" height=\"1024\" src=\"https:\/\/www.papayacup.com\/wp-content\/uploads\/2025\/05\/Papayacup-IT2-1-2.png\" alt=\"it\" class=\"wp-image-2243\" srcset=\"https:\/\/www.papayacup.com\/wp-content\/uploads\/2025\/05\/Papayacup-IT2-1-2.png 1024w, https:\/\/www.papayacup.com\/wp-content\/uploads\/2025\/05\/Papayacup-IT2-1-2-500x500.png 500w, https:\/\/www.papayacup.com\/wp-content\/uploads\/2025\/05\/Papayacup-IT2-1-2-300x300.png 300w, https:\/\/www.papayacup.com\/wp-content\/uploads\/2025\/05\/Papayacup-IT2-1-2-768x768.png 768w, https:\/\/www.papayacup.com\/wp-content\/uploads\/2025\/05\/Papayacup-IT2-1-2-150x150.png 150w, https:\/\/www.papayacup.com\/wp-content\/uploads\/2025\/05\/Papayacup-IT2-1-2-75x75.png 75w, https:\/\/www.papayacup.com\/wp-content\/uploads\/2025\/05\/Papayacup-IT2-1-2-480x480.png 480w\" sizes=\"(max-width:767px) 480px, (max-width:1024px) 100vw, 1024px\" \/><\/figure><\/div>","protected":false},"excerpt":{"rendered":"<p>Scegliere la taglia giusta della coppetta mestruale non \u00e8 cos\u00ec facile come sembra, ma ottenere la taglia giusta \u00e8 una garanzia di successo. La maggior parte<span class=\"excerpt-hellip\"> [\u2026]<\/span><\/p>\n","protected":false},"author":1,"featured_media":0,"parent":0,"menu_order":0,"comment_status":"closed","ping_status":"closed","template":"","meta":{"footnotes":""},"class_list":["post-1538","page","type-page","status-publish","hentry"],"_links":{"self":[{"href":"https:\/\/www.papayacup.com\/it\/wp-json\/wp\/v2\/pages\/1538","targetHints":{"allow":["GET"]}}],"collection":[{"href":"https:\/\/www.papayacup.com\/it\/wp-json\/wp\/v2\/pages"}],"about":[{"href":"https:\/\/www.papayacup.com\/it\/wp-json\/wp\/v2\/types\/page"}],"author":[{"embeddable":true,"href":"https:\/\/www.papayacup.com\/it\/wp-json\/wp\/v2\/users\/1"}],"replies":[{"embeddable":true,"href":"https:\/\/www.papayacup.com\/it\/wp-json\/wp\/v2\/comments?post=1538"}],"version-history":[{"count":2,"href":"https:\/\/www.papayacup.com\/it\/wp-json\/wp\/v2\/pages\/1538\/revisions"}],"predecessor-version":[{"id":3185,"href":"https:\/\/www.papayacup.com\/it\/wp-json\/wp\/v2\/pages\/1538\/revisions\/3185"}],"wp:attachment":[{"href":"https:\/\/www.papayacup.com\/it\/wp-json\/wp\/v2\/media?parent=1538"}],"curies":[{"name":"wp","href":"https:\/\/api.w.org\/{rel}","templated":true}]}}