{"id":3015,"date":"2024-12-02T14:11:37","date_gmt":"2024-12-02T13:11:37","guid":{"rendered":"https:\/\/www.papayacup.com\/pack-menstruation-saine\/"},"modified":"2025-11-03T18:47:37","modified_gmt":"2025-11-03T17:47:37","slug":"pack-menstruation-saine","status":"publish","type":"product","link":"https:\/\/www.papayacup.com\/fr\/pack-menstruation-saine\/","title":{"rendered":"Pack Menstruation saine"},"content":{"rendered":"","protected":false},"excerpt":{"rendered":"<p>Ce pack comprend deux coupes menstruelles (tailles S et L) et une infusion sp\u00e9cialement formul\u00e9e pour \u00e9quilibrer naturellement vos hormones, vous aider \u00e0 vous calmer et \u00e0 r\u00e9duire l&#8217;inflammation caus\u00e9e par vos r\u00e8gles.<\/p>\n<p>Ingr\u00e9dients et avantages de l&#8217;infusion :<\/p>\n<ul data-start=\"165\" data-end=\"384\">\n<li data-start=\"165\" data-end=\"220\"><strong data-start=\"167\" data-end=\"177\">Cannelle<\/strong>: R\u00e9duit les coliques et am\u00e9liore la circulation.<\/li>\n<li data-start=\"221\" data-end=\"268\"><strong data-start=\"223\" data-end=\"236\">Passiflore<\/strong>: D\u00e9tend et soulage l&#8217;anxi\u00e9t\u00e9.<\/li>\n<li data-start=\"269\" data-end=\"325\"><strong data-start=\"271\" data-end=\"283\">Th\u00e9 vert<\/strong>: combat les ballonnements et fournit de l&#8217;\u00e9nergie.<\/li>\n<li data-start=\"326\" data-end=\"384\"><strong data-start=\"328\" data-end=\"339\">R\u00e9glisse<\/strong>: soulage les spasmes et \u00e9quilibre les hormones.<\/li>\n<\/ul>\n<p data-start=\"386\" data-end=\"467\" data-is-last-node=\"\">\n","protected":false},"featured_media":1186,"comment_status":"open","ping_status":"closed","template":"","meta":[],"product_brand":[],"product_cat":[98,101],"product_tag":[],"class_list":{"0":"post-3015","1":"product","2":"type-product","3":"status-publish","4":"has-post-thumbnail","6":"product_cat-coupe-menstruelle","7":"product_cat-perfusion","9":"first","10":"instock","11":"sale","12":"taxable","13":"shipping-taxable","14":"purchasable","15":"product-type-simple"},"_links":{"self":[{"href":"https:\/\/www.papayacup.com\/fr\/wp-json\/wp\/v2\/product\/3015","targetHints":{"allow":["GET"]}}],"collection":[{"href":"https:\/\/www.papayacup.com\/fr\/wp-json\/wp\/v2\/product"}],"about":[{"href":"https:\/\/www.papayacup.com\/fr\/wp-json\/wp\/v2\/types\/product"}],"replies":[{"embeddable":true,"href":"https:\/\/www.papayacup.com\/fr\/wp-json\/wp\/v2\/comments?post=3015"}],"wp:featuredmedia":[{"embeddable":true,"href":"https:\/\/www.papayacup.com\/fr\/wp-json\/wp\/v2\/media\/1186"}],"wp:attachment":[{"href":"https:\/\/www.papayacup.com\/fr\/wp-json\/wp\/v2\/media?parent=3015"}],"wp:term":[{"taxonomy":"product_brand","embeddable":true,"href":"https:\/\/www.papayacup.com\/fr\/wp-json\/wp\/v2\/product_brand?post=3015"},{"taxonomy":"product_cat","embeddable":true,"href":"https:\/\/www.papayacup.com\/fr\/wp-json\/wp\/v2\/product_cat?post=3015"},{"taxonomy":"product_tag","embeddable":true,"href":"https:\/\/www.papayacup.com\/fr\/wp-json\/wp\/v2\/product_tag?post=3015"}],"curies":[{"name":"wp","href":"https:\/\/api.w.org\/{rel}","templated":true}]}}