{"id":1440,"date":"2024-07-23T15:13:59","date_gmt":"2024-07-23T13:13:59","guid":{"rendered":"https:\/\/www.papayacup.com\/balance-hormonale-infusion-balance-hormonale\/"},"modified":"2025-12-04T16:17:47","modified_gmt":"2025-12-04T15:17:47","slug":"balance-hormonale-infusion-balance-hormonale","status":"publish","type":"product","link":"https:\/\/www.papayacup.com\/fr\/balance-hormonale-infusion-balance-hormonale\/","title":{"rendered":"Balance Hormonale Infusion &#8211; Balance Hormonale"},"content":{"rendered":"","protected":false},"excerpt":{"rendered":"<p>Balance Hormonal est une infusion sp\u00e9cialement formul\u00e9e pour \u00e9quilibrer naturellement vos hormones, vous aider \u00e0 vous d\u00e9tendre et \u00e0 r\u00e9duire l\u2019inflammation caus\u00e9e par vos r\u00e8gles.<\/p>\n<p>Ingr\u00e9dients de l\u2019infusion et leurs bienfaits :<\/p>\n<ul data-start=\"165\" data-end=\"384\">\n<li data-start=\"165\" data-end=\"220\"><strong data-start=\"167\" data-end=\"177\">Cannelle<\/strong> : R\u00e9duit les crampes et am\u00e9liore la circulation.<\/li>\n<li data-start=\"221\" data-end=\"268\"><strong data-start=\"223\" data-end=\"236\">Passiflore<\/strong> : Apaise et r\u00e9duit l\u2019anxi\u00e9t\u00e9.<\/li>\n<li data-start=\"269\" data-end=\"325\"><strong data-start=\"271\" data-end=\"283\">Th\u00e9 Vert<\/strong> : R\u00e9duit les ballonnements et apporte de l\u2019\u00e9nergie.<\/li>\n<li data-start=\"326\" data-end=\"384\"><strong data-start=\"328\" data-end=\"339\">R\u00e9glisse<\/strong> : Soulage les spasmes et \u00e9quilibre les hormones.<\/li>\n<\/ul>\n","protected":false},"featured_media":996,"comment_status":"open","ping_status":"closed","template":"","meta":[],"product_brand":[],"product_cat":[101],"product_tag":[],"class_list":{"0":"post-1440","1":"product","2":"type-product","3":"status-publish","4":"has-post-thumbnail","6":"product_cat-perfusion","8":"first","9":"instock","10":"taxable","11":"shipping-taxable","12":"purchasable","13":"product-type-simple"},"_links":{"self":[{"href":"https:\/\/www.papayacup.com\/fr\/wp-json\/wp\/v2\/product\/1440","targetHints":{"allow":["GET"]}}],"collection":[{"href":"https:\/\/www.papayacup.com\/fr\/wp-json\/wp\/v2\/product"}],"about":[{"href":"https:\/\/www.papayacup.com\/fr\/wp-json\/wp\/v2\/types\/product"}],"replies":[{"embeddable":true,"href":"https:\/\/www.papayacup.com\/fr\/wp-json\/wp\/v2\/comments?post=1440"}],"wp:featuredmedia":[{"embeddable":true,"href":"https:\/\/www.papayacup.com\/fr\/wp-json\/wp\/v2\/media\/996"}],"wp:attachment":[{"href":"https:\/\/www.papayacup.com\/fr\/wp-json\/wp\/v2\/media?parent=1440"}],"wp:term":[{"taxonomy":"product_brand","embeddable":true,"href":"https:\/\/www.papayacup.com\/fr\/wp-json\/wp\/v2\/product_brand?post=1440"},{"taxonomy":"product_cat","embeddable":true,"href":"https:\/\/www.papayacup.com\/fr\/wp-json\/wp\/v2\/product_cat?post=1440"},{"taxonomy":"product_tag","embeddable":true,"href":"https:\/\/www.papayacup.com\/fr\/wp-json\/wp\/v2\/product_tag?post=1440"}],"curies":[{"name":"wp","href":"https:\/\/api.w.org\/{rel}","templated":true}]}}