{"id":1376,"date":"2024-11-13T12:50:10","date_gmt":"2024-11-13T11:50:10","guid":{"rendered":"https:\/\/www.papayacup.com\/echange-et-retour\/"},"modified":"2024-11-29T10:17:23","modified_gmt":"2024-11-29T09:17:23","slug":"echange-et-retour","status":"publish","type":"page","link":"https:\/\/www.papayacup.com\/fr\/echange-et-retour\/","title":{"rendered":"\u00c9change et retour"},"content":{"rendered":"\n<!-- Legal document generated by Complianz | GDPR\/CCPA Cookie Consent https:\/\/wordpress.org\/plugins\/complianz-gdpr -->\n<div id=\"cmplz-document\" class=\"cmplz-document impressum cmplz-document-all\"><p><i>Cette imprint a \u00e9t\u00e9 mise \u00e0 jour pour la derni\u00e8re fois le 18 de novembre de 2024.<\/i><\/p><p class=\"cmplz-subtitle\">Le propri\u00e9taire de ce site web est\u00a0:<\/p><p>Veredes Ventures SL SL<br>Calle Rosell\u00f3 244. 1,1.<br \/>\nBarcelona<br>Espagne<br>E-mail\u00a0:&nbsp;<span class=\"cmplz-obfuscate\">&#105;nfo@<span class=\"cmplz-fmail-domain\">ex&#046;&#099;&#111;m<\/span>p&#097;pa&#121;&#097;cu&#112;.&#099;o&#109;<\/span><br>Num\u00e9ro de t\u00e9l\u00e9phone\u00a0: +34 629 72 01 71<br>ID TVA\u00a0:&nbsp;ESB56966377<\/p><h2>1. G\u00e9n\u00e9ral<\/h2><p>Nous ne sommes ni dispos\u00e9s ni oblig\u00e9s de participer \u00e0 des proc\u00e9dures de r\u00e8glement des litiges devant une commission d\u2019arbitrage des consommateurs.<\/p><h2>2. Les informations suivantes sont obligatoires selon la loi allemande.<\/h2><p class=\"cmplz-subtitle\">2.1 Die Eigentumsanteile der Gesellschaft (Aktienkapital), die von ihr ausgegeben wurden:<\/p><p>3100<\/p><\/div>","protected":false},"excerpt":{"rendered":"","protected":false},"author":2,"featured_media":0,"parent":0,"menu_order":0,"comment_status":"closed","ping_status":"closed","template":"","meta":{"footnotes":""},"class_list":["post-1376","page","type-page","status-publish","hentry"],"_links":{"self":[{"href":"https:\/\/www.papayacup.com\/fr\/wp-json\/wp\/v2\/pages\/1376","targetHints":{"allow":["GET"]}}],"collection":[{"href":"https:\/\/www.papayacup.com\/fr\/wp-json\/wp\/v2\/pages"}],"about":[{"href":"https:\/\/www.papayacup.com\/fr\/wp-json\/wp\/v2\/types\/page"}],"author":[{"embeddable":true,"href":"https:\/\/www.papayacup.com\/fr\/wp-json\/wp\/v2\/users\/2"}],"replies":[{"embeddable":true,"href":"https:\/\/www.papayacup.com\/fr\/wp-json\/wp\/v2\/comments?post=1376"}],"version-history":[{"count":1,"href":"https:\/\/www.papayacup.com\/fr\/wp-json\/wp\/v2\/pages\/1376\/revisions"}],"predecessor-version":[{"id":1379,"href":"https:\/\/www.papayacup.com\/fr\/wp-json\/wp\/v2\/pages\/1376\/revisions\/1379"}],"wp:attachment":[{"href":"https:\/\/www.papayacup.com\/fr\/wp-json\/wp\/v2\/media?parent=1376"}],"curies":[{"name":"wp","href":"https:\/\/api.w.org\/{rel}","templated":true}]}}