{"id":2632,"date":"2025-05-29T00:25:01","date_gmt":"2025-05-28T22:25:01","guid":{"rendered":"https:\/\/www.papayacup.com\/?post_type=product&#038;p=2632"},"modified":"2026-04-22T10:30:43","modified_gmt":"2026-04-22T08:30:43","slug":"komfort-2er-pack-menstruationsscheiben-groesse-sl","status":"publish","type":"product","link":"https:\/\/www.papayacup.com\/de\/komfort-2er-pack-menstruationsscheiben-groesse-sl\/","title":{"rendered":"PapayaDisc 2 Menstruationsscheiben Gr\u00f6\u00dfe S+L"},"content":{"rendered":"<div class=\"woocommerce-product-details__short-description\">\n<p><strong>Bequeme, wiederverwendbare und revolution\u00e4re Menstruationsscheibe<\/strong><\/p>\n<div class=\"product__block product__icon__row\" style=\"--block-padding-bottom: 0px;\">\n<div class=\"product__icon__container product__icon__container--full\" style=\"--text: #9d42ec;\">\n<div class=\"product__icon__text\" data-aos=\"fade\" data-aos-duration=\"500\">\n<p>\u23f3 Bis zu 12 Stunden am St\u00fcck tragbar<\/p>\n<\/p><\/div>\n<\/p><\/div>\n<div class=\"product__icon__container product__icon__container--full\" style=\"--text: #9d42ec;\">\n<div class=\"product__icon__text\" data-aos=\"fade\" data-aos-duration=\"500\">\n<p>\u267b\ufe0f Wiederverwendbar bis zu 10 Jahre<\/p>\n<\/p><\/div>\n<\/p><\/div>\n<div class=\"product__icon__container product__icon__container--full\" style=\"--text: #9d42ec;\">\n<div class=\"product__icon__text\" data-aos=\"fade\" data-aos-duration=\"500\">\n<p>\ud83e\uddea 100\u202f% medizinisches Silikon, frei von Giftstoffen und Latex<\/p>\n<\/p><\/div>\n<\/p><\/div>\n<div class=\"product__icon__container product__icon__container--full\" style=\"--text: #9d42ec;\">\n<div class=\"product__icon__text\" data-aos=\"fade\" data-aos-duration=\"500\">\n<p>\ud83d\udc9c Kann beim Sex getragen werden<\/p>\n<\/p><\/div>\n<\/p><\/div>\n<div class=\"product__icon__container product__icon__container--full\" style=\"--text: #9d42ec;\">\n<div class=\"product__icon__text\" data-aos=\"fade\" data-aos-duration=\"500\">\n<p>\ud83c\udf81 Enth\u00e4lt 2 Gr\u00f6\u00dfen, Beutel und Video-Tutorial<\/p>\n<\/p><\/div>\n<\/p><\/div>\n<div class=\"product__icon__container product__icon__container--full\" style=\"--text: #9d42ec;\">\n<div class=\"product__icon__text\" data-aos=\"fade\" data-aos-duration=\"500\">\n<p>\ud83d\ude9a Schneller Versand in 48\/72 Stunden<\/p>\n<\/p><\/div>\n<\/p><\/div>\n<\/p><\/div>\n<\/div>\n","protected":false},"excerpt":{"rendered":"<p>Bequeme, wiederverwendbare und revolution\u00e4re Menstruationsscheibe \u23f3 Bis zu 12 Stunden am St\u00fcck tragbar \u267b\ufe0f Wiederverwendbar bis zu 10 Jahre \ud83e\uddea 100\u202f% medizinisches Silikon, frei von Giftstoffen<span class=\"excerpt-hellip\"> [\u2026]<\/span><\/p>\n","protected":false},"featured_media":2608,"comment_status":"open","ping_status":"closed","template":"","meta":[],"product_brand":[],"product_cat":[125],"product_tag":[],"class_list":{"0":"post-2632","1":"product","2":"type-product","3":"status-publish","4":"has-post-thumbnail","6":"product_cat-menstruationsscheibe","8":"first","9":"instock","10":"taxable","11":"shipping-taxable","12":"purchasable","13":"product-type-simple"},"_links":{"self":[{"href":"https:\/\/www.papayacup.com\/de\/wp-json\/wp\/v2\/product\/2632","targetHints":{"allow":["GET"]}}],"collection":[{"href":"https:\/\/www.papayacup.com\/de\/wp-json\/wp\/v2\/product"}],"about":[{"href":"https:\/\/www.papayacup.com\/de\/wp-json\/wp\/v2\/types\/product"}],"replies":[{"embeddable":true,"href":"https:\/\/www.papayacup.com\/de\/wp-json\/wp\/v2\/comments?post=2632"}],"wp:featuredmedia":[{"embeddable":true,"href":"https:\/\/www.papayacup.com\/de\/wp-json\/wp\/v2\/media\/2608"}],"wp:attachment":[{"href":"https:\/\/www.papayacup.com\/de\/wp-json\/wp\/v2\/media?parent=2632"}],"wp:term":[{"taxonomy":"product_brand","embeddable":true,"href":"https:\/\/www.papayacup.com\/de\/wp-json\/wp\/v2\/product_brand?post=2632"},{"taxonomy":"product_cat","embeddable":true,"href":"https:\/\/www.papayacup.com\/de\/wp-json\/wp\/v2\/product_cat?post=2632"},{"taxonomy":"product_tag","embeddable":true,"href":"https:\/\/www.papayacup.com\/de\/wp-json\/wp\/v2\/product_tag?post=2632"}],"curies":[{"name":"wp","href":"https:\/\/api.w.org\/{rel}","templated":true}]}}