{"id":1461,"date":"2024-12-02T14:11:37","date_gmt":"2024-12-02T13:11:37","guid":{"rendered":"https:\/\/www.papayacup.com\/?post_type=product&#038;p=1461"},"modified":"2025-11-03T18:47:36","modified_gmt":"2025-11-03T17:47:36","slug":"papayacup-flexible-anatomische-menstruationstasse-copia","status":"publish","type":"product","link":"https:\/\/www.papayacup.com\/de\/papayacup-flexible-anatomische-menstruationstasse-copia\/","title":{"rendered":"PapayaCup Paket Gesunde Menstruation"},"content":{"rendered":"","protected":false},"excerpt":{"rendered":"<h3>Menstruationstassen-Set mit Kr\u00e4utertee<\/h3>\n<p>Dieses Set enth\u00e4lt zwei Menstruationstassen (Gr\u00f6\u00dfen S und L) sowie einen speziell formulierten Kr\u00e4utertee, der auf nat\u00fcrliche Weise hilft, Dein hormonelles Gleichgewicht zu unterst\u00fctzen, Dich zu beruhigen und menstruationsbedingte Entz\u00fcndungen zu lindern.<\/p>\n<h3>Zutaten des Kr\u00e4utertees und deren Vorteile:<\/h3>\n<ul>\n<li><strong>Zimt:<\/strong> Lindert Kr\u00e4mpfe und f\u00f6rdert die Durchblutung.<\/li>\n<li><strong>Passionsblume:<\/strong> Entspannt und hilft bei Angstzust\u00e4nden.<\/li>\n<li><strong>Gr\u00fcner Tee:<\/strong> Bek\u00e4mpft Bl\u00e4hungen und gibt Energie.<\/li>\n<li><strong>S\u00fc\u00dfholz:<\/strong> Lindert Kr\u00e4mpfe und bringt die Hormone ins Gleichgewicht.<\/li>\n<\/ul>\n<p>&nbsp;<\/p>\n","protected":false},"featured_media":1187,"comment_status":"open","ping_status":"closed","template":"","meta":[],"product_brand":[],"product_cat":[100,96],"product_tag":[],"class_list":{"0":"post-1461","1":"product","2":"type-product","3":"status-publish","4":"has-post-thumbnail","6":"product_cat-infusion-de","7":"product_cat-menstruationstasse","9":"first","10":"instock","11":"sale","12":"taxable","13":"shipping-taxable","14":"purchasable","15":"product-type-simple"},"_links":{"self":[{"href":"https:\/\/www.papayacup.com\/de\/wp-json\/wp\/v2\/product\/1461","targetHints":{"allow":["GET"]}}],"collection":[{"href":"https:\/\/www.papayacup.com\/de\/wp-json\/wp\/v2\/product"}],"about":[{"href":"https:\/\/www.papayacup.com\/de\/wp-json\/wp\/v2\/types\/product"}],"replies":[{"embeddable":true,"href":"https:\/\/www.papayacup.com\/de\/wp-json\/wp\/v2\/comments?post=1461"}],"wp:featuredmedia":[{"embeddable":true,"href":"https:\/\/www.papayacup.com\/de\/wp-json\/wp\/v2\/media\/1187"}],"wp:attachment":[{"href":"https:\/\/www.papayacup.com\/de\/wp-json\/wp\/v2\/media?parent=1461"}],"wp:term":[{"taxonomy":"product_brand","embeddable":true,"href":"https:\/\/www.papayacup.com\/de\/wp-json\/wp\/v2\/product_brand?post=1461"},{"taxonomy":"product_cat","embeddable":true,"href":"https:\/\/www.papayacup.com\/de\/wp-json\/wp\/v2\/product_cat?post=1461"},{"taxonomy":"product_tag","embeddable":true,"href":"https:\/\/www.papayacup.com\/de\/wp-json\/wp\/v2\/product_tag?post=1461"}],"curies":[{"name":"wp","href":"https:\/\/api.w.org\/{rel}","templated":true}]}}