{"id":1449,"date":"2024-07-23T15:13:59","date_gmt":"2024-07-23T13:13:59","guid":{"rendered":"https:\/\/www.papayacup.com\/hormonal-balance-infusion-hormon-balance\/"},"modified":"2025-12-04T17:16:23","modified_gmt":"2025-12-04T16:16:23","slug":"hormonal-balance-infusion-hormon-balance","status":"publish","type":"product","link":"https:\/\/www.papayacup.com\/de\/hormonal-balance-infusion-hormon-balance\/","title":{"rendered":"Hormonal Balance Infusion &#8211; Hormon Balance"},"content":{"rendered":"","protected":false},"excerpt":{"rendered":"<p>Balance Hormonal ist eine speziell formulierte Kr\u00e4uterinfusion, die Ihre Hormone auf nat\u00fcrliche Weise ausgleicht, beim Entspannen hilft und die durch die Periode verursachte Entz\u00fcndung reduziert.<\/p>\n<p>Zutaten der Infusion und ihre Vorteile:<\/p>\n<ul data-start=\"165\" data-end=\"384\">\n<li data-start=\"165\" data-end=\"220\"><strong data-start=\"167\" data-end=\"177\">Zimt<\/strong>: Lindert Kr\u00e4mpfe und verbessert die Durchblutung.<\/li>\n<li data-start=\"221\" data-end=\"268\"><strong data-start=\"223\" data-end=\"236\">Passionsblume<\/strong>: Beruhigt und reduziert Angstzust\u00e4nde.<\/li>\n<li data-start=\"269\" data-end=\"325\"><strong data-start=\"271\" data-end=\"283\">Gr\u00fcner Tee<\/strong>: Verringert Bl\u00e4hungen und steigert die Energie.<\/li>\n<li data-start=\"326\" data-end=\"384\"><strong data-start=\"328\" data-end=\"339\">S\u00fc\u00dfholz<\/strong>: Lindert Kr\u00e4mpfe und unterst\u00fctzt den Hormonhaushalt.<\/li>\n<\/ul>\n","protected":false},"featured_media":997,"comment_status":"open","ping_status":"closed","template":"","meta":[],"product_brand":[],"product_cat":[100],"product_tag":[],"class_list":{"0":"post-1449","1":"product","2":"type-product","3":"status-publish","4":"has-post-thumbnail","6":"product_cat-infusion-de","8":"first","9":"instock","10":"taxable","11":"shipping-taxable","12":"purchasable","13":"product-type-simple"},"_links":{"self":[{"href":"https:\/\/www.papayacup.com\/de\/wp-json\/wp\/v2\/product\/1449","targetHints":{"allow":["GET"]}}],"collection":[{"href":"https:\/\/www.papayacup.com\/de\/wp-json\/wp\/v2\/product"}],"about":[{"href":"https:\/\/www.papayacup.com\/de\/wp-json\/wp\/v2\/types\/product"}],"replies":[{"embeddable":true,"href":"https:\/\/www.papayacup.com\/de\/wp-json\/wp\/v2\/comments?post=1449"}],"wp:featuredmedia":[{"embeddable":true,"href":"https:\/\/www.papayacup.com\/de\/wp-json\/wp\/v2\/media\/997"}],"wp:attachment":[{"href":"https:\/\/www.papayacup.com\/de\/wp-json\/wp\/v2\/media?parent=1449"}],"wp:term":[{"taxonomy":"product_brand","embeddable":true,"href":"https:\/\/www.papayacup.com\/de\/wp-json\/wp\/v2\/product_brand?post=1449"},{"taxonomy":"product_cat","embeddable":true,"href":"https:\/\/www.papayacup.com\/de\/wp-json\/wp\/v2\/product_cat?post=1449"},{"taxonomy":"product_tag","embeddable":true,"href":"https:\/\/www.papayacup.com\/de\/wp-json\/wp\/v2\/product_tag?post=1449"}],"curies":[{"name":"wp","href":"https:\/\/api.w.org\/{rel}","templated":true}]}}