{"id":1298,"date":"2024-08-09T14:50:32","date_gmt":"2024-08-09T12:50:32","guid":{"rendered":"https:\/\/www.papayacup.com\/haftungsausschluss\/"},"modified":"2025-05-02T17:23:07","modified_gmt":"2025-05-02T15:23:07","slug":"haftungsausschluss","status":"publish","type":"page","link":"https:\/\/www.papayacup.com\/de\/haftungsausschluss\/","title":{"rendered":"Haftungsausschluss"},"content":{"rendered":"\n<!-- Legal document generated by Complianz | GDPR\/CCPA Cookie Consent https:\/\/wordpress.org\/plugins\/complianz-gdpr -->\n<div id=\"cmplz-document\" class=\"cmplz-document disclaimer cmplz-document-all\"><p>Veredes Ventures SL ist dazu verpflichtet, diese Website aktuell und akkurat zu halten. Solltest du dennoch auf irgendetwas sto\u00dfen, das veraltet oder inkorrekt ist, w\u00fcrden wir es sch\u00e4tzen, wenn du es uns wissen l\u00e4sst. Bitte weise darauf hin, wo du auf der Seite die Information gelesen hast. Wir werden uns dann so schnell wie m\u00f6glich darum k\u00fcmmern. Bitte sende deine R\u00fcckmeldung an: <span class=\"cmplz-obfuscate\">info@<span class=\"cmplz-fmail-domain\">e&#120;.c&#111;m<\/span>&#112;a&#112;&#097;&#121;&#097;c&#117;&#112;&#046;&#099;&#111;&#109;<\/span>.<\/p><p>Wir \u00fcbernehmen keine Haftung f\u00fcr aus Ungenauigkeit oder Unvollst\u00e4ndigkeit resultierenden Verluste, noch f\u00fcr entstehende Verluste oder Verbreitung von Informationen durch das Internet, wie St\u00f6rungen oder Unterbrechungen. Bei der Verwendung von Internetfomularen streben wir danach die Anzahl der ben\u00f6tigten Felder zu minimieren. F\u00fcr jegliche Verluste die aus der Verwendung von Veredes Ventures SL empfohlener oder stammender Daten, Hinweisen oder Ideen \u00fcbernimmt Veredes Ventures SL keine Haftung.<\/p><p>Jegliches intellektuelle Eigentumsrecht an Inhalten auf dieser Website ist im Besitz von Veredes Ventures SL oder von Drittanbietern, welche diese Inhalte selbst platziert haben, oder von denen Veredes Ventures SL \u00fcber eine Endnutzer-Lizenzvereinbarung verf\u00fcgt.<\/p><p>Das Kopieren, Verbreiten oder jegliche andere Nutzung dieses Materials ist ohne die schriftliche Erlaubnis von Veredes Ventures SL nicht gestattet, sofern in geltendem Gesetz nicht anders vereinbart oder ausgenommen (wie etwa das Recht zu zitieren), solang der spezifische Inhalt nichts anderes vorschreibt.<\/p><p>Wenn du Fragen oder Probleme mit der Verf\u00fcgbarkeit der Website hast, z\u00f6gere nicht uns zu kontaktieren.<\/p><\/div>\n\n\n<p>Die Inhalte auf papayacup.com dienen ausschlie\u00dflich Informationszwecken. Sie sind keinesfalls dazu bestimmt, medizinische Beratung im Sinne einer \u00e4rztlichen T\u00e4tigkeit zu ersetzen, noch ein Diagnose-, Beratungs- oder Behandlungsverfahren durch eine qualifizierte und anerkannte \u00c4rztin bzw. einen qualifizierten und anerkannten Arzt zu ersetzen.<\/p>\n","protected":false},"excerpt":{"rendered":"<p>Die Inhalte auf papayacup.com dienen ausschlie\u00dflich Informationszwecken. Sie sind keinesfalls dazu bestimmt, medizinische Beratung im Sinne einer \u00e4rztlichen T\u00e4tigkeit zu ersetzen, noch ein Diagnose-, Beratungs- oder<span class=\"excerpt-hellip\"> [\u2026]<\/span><\/p>\n","protected":false},"author":1,"featured_media":0,"parent":0,"menu_order":0,"comment_status":"closed","ping_status":"closed","template":"elementor_theme","meta":{"footnotes":""},"class_list":["post-1298","page","type-page","status-publish","hentry"],"_links":{"self":[{"href":"https:\/\/www.papayacup.com\/de\/wp-json\/wp\/v2\/pages\/1298","targetHints":{"allow":["GET"]}}],"collection":[{"href":"https:\/\/www.papayacup.com\/de\/wp-json\/wp\/v2\/pages"}],"about":[{"href":"https:\/\/www.papayacup.com\/de\/wp-json\/wp\/v2\/types\/page"}],"author":[{"embeddable":true,"href":"https:\/\/www.papayacup.com\/de\/wp-json\/wp\/v2\/users\/1"}],"replies":[{"embeddable":true,"href":"https:\/\/www.papayacup.com\/de\/wp-json\/wp\/v2\/comments?post=1298"}],"version-history":[{"count":2,"href":"https:\/\/www.papayacup.com\/de\/wp-json\/wp\/v2\/pages\/1298\/revisions"}],"predecessor-version":[{"id":2158,"href":"https:\/\/www.papayacup.com\/de\/wp-json\/wp\/v2\/pages\/1298\/revisions\/2158"}],"wp:attachment":[{"href":"https:\/\/www.papayacup.com\/de\/wp-json\/wp\/v2\/media?parent=1298"}],"curies":[{"name":"wp","href":"https:\/\/api.w.org\/{rel}","templated":true}]}}